{"id":999,"date":"2024-01-03T21:39:37","date_gmt":"2024-01-03T21:39:37","guid":{"rendered":"https:\/\/stefanwiedenmann.eu\/?page_id=999"},"modified":"2024-01-03T21:49:44","modified_gmt":"2024-01-03T21:49:44","slug":"einsamer-wolf-kampfsimulator","status":"publish","type":"page","link":"https:\/\/stefanwiedenmann.eu\/?page_id=999","title":{"rendered":"Einsamer Wolf Kampfsimulator"},"content":{"rendered":"\n<p>Mache Dir die K\u00e4mpfe im einsamen Wolf einfacher! Ich m\u00f6chte erw\u00e4hnen dass alle Ehre Jason Livesay geb\u00fchrt dessen Projekt die Grundlage f\u00fcr diesen einfachen Simulator war. Ich habe einfach nur die Texte \u00fcbersetzt da die Tabelle gerade f\u00fcr Einsteiger sehr kompliziert ist.<\/p>\n\n\n\n<p>Und jetzt: Viel Erfolg beim Kampf!<\/p>\n\n\n\n<div><label for=\"lwcs\">Einsamer Wolf Kampfst\u00e4rke:<\/label>\n<input name=\"lwcs\">\n\n<label for=\"lwep\">Einsamer Wolf Ausdauer: <\/label>\n<input name=\"lwep\">\n<\/div>\n\n<div>\n<label for=\"opcs\">Gegner Kampfst\u00e4rke:<\/label>\n<input name=\"opcs\">\n\n<label for=\"opep\">Gegner Ausdauer: <\/label>\n<input name=\"opep\">\n<\/div>\n\n<button id=\"Next\" onclick=\"nextRound()\">N\u00e4chste Kampfrunde<\/button>\n\n<button onclick=\"reset()\">Zur\u00fccksetzen<\/button>\n\n<button onclick=\"random()\">Zufallszahl<\/button>\n\n<div id=\"randomGenerated\"><\/div>\n\n<div><\/div>\n<div id=\"combatlw\"><\/div>\n<div id=\"combatop\"><\/div>\n","protected":false},"excerpt":{"rendered":"<p>Mache Dir die K\u00e4mpfe im einsamen Wolf einfacher! Ich m\u00f6chte erw\u00e4hnen dass alle Ehre Jason Livesay geb\u00fchrt dessen Projekt die Grundlage f\u00fcr diesen einfachen Simulator war. Ich habe einfach nur die Texte \u00fcbersetzt da die Tabelle gerade f\u00fcr Einsteiger sehr kompliziert ist. Und jetzt: Viel Erfolg beim Kampf! Einsamer Wolf Kampfst\u00e4rke: Einsamer Wolf Ausdauer: Gegner [&hellip;]<\/p>\n","protected":false},"author":1,"featured_media":0,"parent":0,"menu_order":0,"comment_status":"closed","ping_status":"closed","template":"","meta":[],"_links":{"self":[{"href":"https:\/\/stefanwiedenmann.eu\/index.php?rest_route=\/wp\/v2\/pages\/999"}],"collection":[{"href":"https:\/\/stefanwiedenmann.eu\/index.php?rest_route=\/wp\/v2\/pages"}],"about":[{"href":"https:\/\/stefanwiedenmann.eu\/index.php?rest_route=\/wp\/v2\/types\/page"}],"author":[{"embeddable":true,"href":"https:\/\/stefanwiedenmann.eu\/index.php?rest_route=\/wp\/v2\/users\/1"}],"replies":[{"embeddable":true,"href":"https:\/\/stefanwiedenmann.eu\/index.php?rest_route=%2Fwp%2Fv2%2Fcomments&post=999"}],"version-history":[{"count":3,"href":"https:\/\/stefanwiedenmann.eu\/index.php?rest_route=\/wp\/v2\/pages\/999\/revisions"}],"predecessor-version":[{"id":1003,"href":"https:\/\/stefanwiedenmann.eu\/index.php?rest_route=\/wp\/v2\/pages\/999\/revisions\/1003"}],"wp:attachment":[{"href":"https:\/\/stefanwiedenmann.eu\/index.php?rest_route=%2Fwp%2Fv2%2Fmedia&parent=999"}],"curies":[{"name":"wp","href":"https:\/\/api.w.org\/{rel}","templated":true}]}}